{"id":436,"date":"2025-09-19T12:22:25","date_gmt":"2025-09-19T12:22:25","guid":{"rendered":"https:\/\/gorelan.com\/?page_id=436"},"modified":"2025-09-24T09:58:05","modified_gmt":"2025-09-24T09:58:05","slug":"formulario","status":"publish","type":"page","link":"https:\/\/gorelan.com\/en\/formulario\/","title":{"rendered":"Formulario"},"content":{"rendered":"<style type=\"text\/css\" data-created_by=\"avia_inline_auto\" id=\"style-css-av-jjlkl-a67fbe32ef2e97e0b695bd1f4a5f1457\">\n#top .av-special-heading.av-jjlkl-a67fbe32ef2e97e0b695bd1f4a5f1457{\npadding-bottom:0;\n}\nbody .av-special-heading.av-jjlkl-a67fbe32ef2e97e0b695bd1f4a5f1457 .av-special-heading-tag .heading-char{\nfont-size:25px;\n}\n.av-special-heading.av-jjlkl-a67fbe32ef2e97e0b695bd1f4a5f1457 .av-subheading{\nfont-size:15px;\n}\n<\/style>\n<div  class='av-special-heading av-jjlkl-a67fbe32ef2e97e0b695bd1f4a5f1457 av-special-heading-h1 blockquote modern-quote modern-centered  avia-builder-el-0  el_before_av_one_fifth  avia-builder-el-first'><h1 class='av-special-heading-tag'  itemprop=\"headline\"  >Solicite presupuesto sin compromiso<\/h1><div class=\"special-heading-border\"><div class=\"special-heading-inner-border\"><\/div><\/div><\/div>\n<div class='flex_column_table av-f5shg-4bcd52590aeb2a81b0c1bda44743afb2 sc-av_one_fifth av-equal-height-column-flextable'>\n<style type=\"text\/css\" data-created_by=\"avia_inline_auto\" id=\"style-css-av-f5shg-4bcd52590aeb2a81b0c1bda44743afb2\">\n.flex_column.av-f5shg-4bcd52590aeb2a81b0c1bda44743afb2{\nwidth:16.8%;\nmargin-left:0;\n}\n#top .flex_column_table.av-equal-height-column-flextable.av-f5shg-4bcd52590aeb2a81b0c1bda44743afb2 .av-flex-placeholder{\nwidth:4%;\n}\n<\/style>\n<div  id=\"contact\"  class='flex_column av-f5shg-4bcd52590aeb2a81b0c1bda44743afb2 av_one_fifth  avia-builder-el-1  el_after_av_heading  el_before_av_three_fifth  first flex_column_table_cell av-equal-height-column av-align-top'     ><\/div>\n<div class='av-flex-placeholder'><\/div>\n<style type=\"text\/css\" data-created_by=\"avia_inline_auto\" id=\"style-css-av-1mw1bo-3b424dc739a51a7e95c0630e2fb886fb\">\n.flex_column.av-1mw1bo-3b424dc739a51a7e95c0630e2fb886fb{\nwidth:58.4%;\nmargin-left:0;\n}\n#top .flex_column_table.av-equal-height-column-flextable.av-1mw1bo-3b424dc739a51a7e95c0630e2fb886fb .av-flex-placeholder{\nwidth:4%;\n}\n<\/style>\n<div  id=\"contact\"  class='flex_column av-1mw1bo-3b424dc739a51a7e95c0630e2fb886fb av_three_fifth  avia-builder-el-2  el_after_av_one_fifth  el_before_av_one_fifth  flex_column_table_cell av-equal-height-column av-align-top'     ><form action=\"https:\/\/gorelan.com\/en\/formulario\/\" method=\"post\" data-fields-with-error=\"Found errors in the following field(s):\" class=\"avia_ajax_form av-form-labels-visible   avia-builder-el-3  avia-builder-el-no-sibling  av-custom-form-color av-dark-form\" data-avia-form-id=\"1\" data-avia-redirect='' data-trp-original-action=\"https:\/\/gorelan.com\/en\/formulario\/\" ><fieldset><p class='first_form  form_element form_fullwidth' id='element_avia_1_1'><label for=\"avia_1_1\">Nombre y Apellido <abbr class=\"required\" title=\"required\">*<\/abbr><\/label> <input name=\"avia_1_1\" class=\"text_input is_empty\" type=\"text\" id=\"avia_1_1\" value=\"\" \/><\/p><p class='first_form  form_element form_fullwidth' id='element_avia_2_1'><label for=\"avia_2_1\">Tel\u00e9fono<\/label> <input name=\"avia_2_1\" class=\"text_input\" type=\"text\" id=\"avia_2_1\" value=\"\" \/><\/p><p class='first_form  form_element form_fullwidth' id='element_avia_3_1'><label for=\"avia_3_1\">Correo electr\u00f3nico <abbr class=\"required\" title=\"required\">*<\/abbr><\/label> <input name=\"avia_3_1\" class=\"text_input is_email\" type=\"text\" id=\"avia_3_1\" value=\"\" \/><\/p><p class='first_form  form_element form_fullwidth' id='element_avia_4_1'><label for=\"avia_4_1\">Municipio <abbr class=\"required\" title=\"required\">*<\/abbr><\/label> <input name=\"avia_4_1\" class=\"text_input is_empty\" type=\"text\" id=\"avia_4_1\" value=\"\" \/><\/p><p class='first_form  form_element form_fullwidth' id='element_avia_5_1'><label for=\"avia_5_1\">C\u00f3digo Postal<\/label> <input name=\"avia_5_1\" class=\"text_input\" type=\"text\" id=\"avia_5_1\" value=\"\" \/><\/p><p class='first_form  form_element form_fullwidth' id='element_avia_6_1'><label for=\"avia_6_1\">Tipo de garaje<\/label><select  name=\"avia_6_1\" class=\"select\" id=\"avia_6_1\"><option   value='Privado'>Privado<\/option><option   value='Comunitario'>Comunitario<\/option><\/select><\/p><p class='first_form  form_element form_fullwidth' id='element_avia_7_1'><label for=\"avia_7_1\">\u00bfVivienda en el mismo edificio?<\/label><select  name=\"avia_7_1\" class=\"select\" id=\"avia_7_1\"><option   value='Si'>Si<\/option><option   value='No'>No<\/option><\/select><\/p><p class='first_form  form_element form_fullwidth' id='element_avia_8_1'><label for=\"avia_8_1\">Planta de ubicaci\u00f3n de la parcela<\/label><select  name=\"avia_8_1\" class=\"select\" id=\"avia_8_1\"><option   value='0'>0<\/option><option   value='-1'>-1<\/option><option   value='-2'>-2<\/option><option   value='-3'>-3<\/option><option   value='-4'>-4<\/option><\/select><\/p><p class='first_form  form_element form_fullwidth' id='element_avia_9_1'><label for=\"avia_9_1\">Distancia aproximada en horizont\u00e1l desde el contador hasta la parcela<\/label> <input name=\"avia_9_1\" class=\"text_input\" type=\"text\" id=\"avia_9_1\" value=\"\" \/><\/p><div id='avia_10_1' class='av-form-text'><p>\nAl enviar este formulario, usted declara haber le\u00eddo y aceptado la presente pol\u00edtica de protecci\u00f3n de datos.<br \/>\nDe conformidad con lo establecido en el Reglamento (UE) 2016\/679 (RGPD) y en la Ley Org\u00e1nica 3\/2018 (LOPDGDD), le informamos de que los datos personales facilitados a trav\u00e9s de este formulario ser\u00e1n tratados por Gorelan Instalaciones S.L.U. (CIF B16679904), con domicilio en Pol. Martiartu C3P-P7, 48480 Arrigorriaga (Bizkaia), con la finalidad de gestionar su solicitud, atender sus consultas y mantener la relaci\u00f3n profesional o comercial derivada de la misma.<br \/>\nLos datos proporcionados se conservar\u00e1n mientras se mantenga la relaci\u00f3n o durante los plazos legalmente establecidos. No se ceder\u00e1n a terceros salvo obligaci\u00f3n legal.<br \/>\nUsted tiene derecho a acceder, rectificar y suprimir sus datos, as\u00ed como otros derechos reconocidos en la normativa, dirigi\u00e9ndose a gorelan@gorelan.com.<\/p>\n<\/div><p class=\"hidden\"><input type=\"text\" name=\"avia_11_1\" class=\"hidden\" id=\"avia_11_1\" value=\"\" \/><\/p><p class='form_element form_fullwidth' id='element_avia_12_1'><span class='value_verifier_label'>2 + 0 = ?<\/span><input name=\"avia_12_1_verifier\" type=\"hidden\" id=\"avia_12_1_verifier\" value=\"312412545\"\/><label for=\"avia_12_1\">Please prove that you are human by solving the equation <abbr class=\"required\" title=\"required\">*<\/abbr><\/label><input name=\"avia_12_1\" class=\"text_input captcha\" type=\"text\" id=\"avia_12_1\" value=\"\"\/><\/p><p class=\"form_element\"><input type=\"hidden\" value=\"1\" name=\"avia_generated_form1\" \/><input type=\"submit\" value=\"Enviar\" class=\"button\"  data-sending-label=\"Sending\"\/><\/p><\/fieldset><input type=\"hidden\" name=\"trp-form-language\" value=\"en\"\/><\/form><div id=\"ajaxresponse_1\" class=\"ajaxresponse ajaxresponse_1 hidden\"><\/div><\/div><div class='av-flex-placeholder'><\/div>\n<style type=\"text\/css\" data-created_by=\"avia_inline_auto\" id=\"style-css-av-88v2c-b3cc0e87ebc549b2c21d2eca6af66c8c\">\n.flex_column.av-88v2c-b3cc0e87ebc549b2c21d2eca6af66c8c{\nwidth:16.8%;\nmargin-left:0;\n}\n#top .flex_column_table.av-equal-height-column-flextable.av-88v2c-b3cc0e87ebc549b2c21d2eca6af66c8c .av-flex-placeholder{\nwidth:4%;\n}\n<\/style>\n<div  id=\"contact\"  class='flex_column av-88v2c-b3cc0e87ebc549b2c21d2eca6af66c8c av_one_fifth  avia-builder-el-4  el_after_av_three_fifth  el_before_av_one_full  flex_column_table_cell av-equal-height-column av-align-top'     ><\/div><\/div><!--close column table wrapper. Autoclose: 1 --><\/p>\n<div  class='flex_column av-e5b7o-448248c5f8673466c7188a0d08b48662 av_one_full  avia-builder-el-5  el_after_av_one_fifth  avia-builder-el-last  first flex_column_div  column-top-margin'     ><style type=\"text\/css\" data-created_by=\"avia_inline_auto\" id=\"style-css-av-7147w-6908ee9e2aecac9cd1f65b52003bb86d\">\n.avia-image-container.av-7147w-6908ee9e2aecac9cd1f65b52003bb86d img.avia_image{\nbox-shadow:none;\n}\n.avia-image-container.av-7147w-6908ee9e2aecac9cd1f65b52003bb86d .av-image-caption-overlay-center{\ncolor:#ffffff;\n}\n<\/style>\n<div  class='avia-image-container av-7147w-6908ee9e2aecac9cd1f65b52003bb86d av-styling- avia-align-center  avia-builder-el-6  avia-builder-el-no-sibling'   itemprop=\"image\" itemscope=\"itemscope\" itemtype=\"https:\/\/schema.org\/ImageObject\" ><div class=\"avia-image-container-inner\"><div class=\"avia-image-overlay-wrap\"><img decoding=\"async\" fetchpriority=\"high\" class='wp-image-402 avia-img-lazy-loading-not-402 avia_image' src=\"https:\/\/gorelan.com\/wp-content\/uploads\/2024\/07\/logo-digitalizadores-1030x119.png\" alt='' title=''  height=\"119\" width=\"1030\"  itemprop=\"thumbnailUrl\" srcset=\"https:\/\/gorelan.com\/wp-content\/uploads\/2024\/07\/logo-digitalizadores-1030x119.png 1030w, https:\/\/gorelan.com\/wp-content\/uploads\/2024\/07\/logo-digitalizadores-300x35.png 300w, https:\/\/gorelan.com\/wp-content\/uploads\/2024\/07\/logo-digitalizadores-768x89.png 768w, https:\/\/gorelan.com\/wp-content\/uploads\/2024\/07\/logo-digitalizadores-1536x178.png 1536w, https:\/\/gorelan.com\/wp-content\/uploads\/2024\/07\/logo-digitalizadores-2048x238.png 2048w, https:\/\/gorelan.com\/wp-content\/uploads\/2024\/07\/logo-digitalizadores-1500x174.png 1500w, https:\/\/gorelan.com\/wp-content\/uploads\/2024\/07\/logo-digitalizadores-705x82.png 705w\" sizes=\"(max-width: 1030px) 100vw, 1030px\" \/><\/div><\/div><\/div><\/div>","protected":false},"excerpt":{"rendered":"","protected":false},"author":2,"featured_media":0,"parent":0,"menu_order":0,"comment_status":"closed","ping_status":"closed","template":"","meta":{"footnotes":""},"class_list":["post-436","page","type-page","status-publish","hentry"],"aioseo_notices":[],"yoast_head":"<!-- This site is optimized with the Yoast SEO plugin v27.4 - https:\/\/yoast.com\/product\/yoast-seo-wordpress\/ -->\n<title>Formulario - Gorelan<\/title>\n<meta name=\"robots\" content=\"index, follow, max-snippet:-1, max-image-preview:large, max-video-preview:-1\" \/>\n<link rel=\"canonical\" href=\"https:\/\/gorelan.com\/en\/formulario\/\" \/>\n<meta property=\"og:locale\" content=\"en_GB\" \/>\n<meta property=\"og:type\" content=\"article\" \/>\n<meta property=\"og:title\" content=\"Formulario - Gorelan\" \/>\n<meta property=\"og:url\" content=\"https:\/\/gorelan.com\/en\/formulario\/\" \/>\n<meta property=\"og:site_name\" content=\"Gorelan\" \/>\n<meta property=\"article:modified_time\" content=\"2025-09-24T09:58:05+00:00\" \/>\n<meta name=\"twitter:card\" content=\"summary_large_image\" \/>\n<meta name=\"twitter:label1\" content=\"Estimated reading time\" \/>\n\t<meta name=\"twitter:data1\" content=\"1 minute\" \/>\n<script type=\"application\/ld+json\" class=\"yoast-schema-graph\">{\"@context\":\"https:\\\/\\\/schema.org\",\"@graph\":[{\"@type\":\"WebPage\",\"@id\":\"https:\\\/\\\/gorelan.com\\\/formulario\\\/\",\"url\":\"https:\\\/\\\/gorelan.com\\\/formulario\\\/\",\"name\":\"Formulario - Gorelan\",\"isPartOf\":{\"@id\":\"https:\\\/\\\/gorelan.com\\\/#website\"},\"datePublished\":\"2025-09-19T12:22:25+00:00\",\"dateModified\":\"2025-09-24T09:58:05+00:00\",\"breadcrumb\":{\"@id\":\"https:\\\/\\\/gorelan.com\\\/formulario\\\/#breadcrumb\"},\"inLanguage\":\"en-GB\",\"potentialAction\":[{\"@type\":\"ReadAction\",\"target\":[\"https:\\\/\\\/gorelan.com\\\/formulario\\\/\"]}]},{\"@type\":\"BreadcrumbList\",\"@id\":\"https:\\\/\\\/gorelan.com\\\/formulario\\\/#breadcrumb\",\"itemListElement\":[{\"@type\":\"ListItem\",\"position\":1,\"name\":\"Portada\",\"item\":\"https:\\\/\\\/gorelan.com\\\/mantenimiento-industrial-y-automatizacion\\\/\"},{\"@type\":\"ListItem\",\"position\":2,\"name\":\"Formulario\"}]},{\"@type\":\"WebSite\",\"@id\":\"https:\\\/\\\/gorelan.com\\\/#website\",\"url\":\"https:\\\/\\\/gorelan.com\\\/\",\"name\":\"Gorelan\",\"description\":\"- MANTENIMIENTO INDUSTRIAL\",\"potentialAction\":[{\"@type\":\"SearchAction\",\"target\":{\"@type\":\"EntryPoint\",\"urlTemplate\":\"https:\\\/\\\/gorelan.com\\\/?s={search_term_string}\"},\"query-input\":{\"@type\":\"PropertyValueSpecification\",\"valueRequired\":true,\"valueName\":\"search_term_string\"}}],\"inLanguage\":\"en-GB\"}]}<\/script>\n<!-- \/ Yoast SEO plugin. -->","yoast_head_json":{"title":"Formulario - Gorelan","robots":{"index":"index","follow":"follow","max-snippet":"max-snippet:-1","max-image-preview":"max-image-preview:large","max-video-preview":"max-video-preview:-1"},"canonical":"https:\/\/gorelan.com\/en\/formulario\/","og_locale":"en_GB","og_type":"article","og_title":"Formulario - Gorelan","og_url":"https:\/\/gorelan.com\/en\/formulario\/","og_site_name":"Gorelan","article_modified_time":"2025-09-24T09:58:05+00:00","twitter_card":"summary_large_image","twitter_misc":{"Estimated reading time":"1 minute"},"schema":{"@context":"https:\/\/schema.org","@graph":[{"@type":"WebPage","@id":"https:\/\/gorelan.com\/formulario\/","url":"https:\/\/gorelan.com\/formulario\/","name":"Formulario - Gorelan","isPartOf":{"@id":"https:\/\/gorelan.com\/#website"},"datePublished":"2025-09-19T12:22:25+00:00","dateModified":"2025-09-24T09:58:05+00:00","breadcrumb":{"@id":"https:\/\/gorelan.com\/formulario\/#breadcrumb"},"inLanguage":"en-GB","potentialAction":[{"@type":"ReadAction","target":["https:\/\/gorelan.com\/formulario\/"]}]},{"@type":"BreadcrumbList","@id":"https:\/\/gorelan.com\/formulario\/#breadcrumb","itemListElement":[{"@type":"ListItem","position":1,"name":"Portada","item":"https:\/\/gorelan.com\/mantenimiento-industrial-y-automatizacion\/"},{"@type":"ListItem","position":2,"name":"Formulario"}]},{"@type":"WebSite","@id":"https:\/\/gorelan.com\/#website","url":"https:\/\/gorelan.com\/","name":"Gorelan","description":"- MANTENIMIENTO INDUSTRIAL","potentialAction":[{"@type":"SearchAction","target":{"@type":"EntryPoint","urlTemplate":"https:\/\/gorelan.com\/?s={search_term_string}"},"query-input":{"@type":"PropertyValueSpecification","valueRequired":true,"valueName":"search_term_string"}}],"inLanguage":"en-GB"}]}},"_links":{"self":[{"href":"https:\/\/gorelan.com\/en\/wp-json\/wp\/v2\/pages\/436","targetHints":{"allow":["GET"]}}],"collection":[{"href":"https:\/\/gorelan.com\/en\/wp-json\/wp\/v2\/pages"}],"about":[{"href":"https:\/\/gorelan.com\/en\/wp-json\/wp\/v2\/types\/page"}],"author":[{"embeddable":true,"href":"https:\/\/gorelan.com\/en\/wp-json\/wp\/v2\/users\/2"}],"replies":[{"embeddable":true,"href":"https:\/\/gorelan.com\/en\/wp-json\/wp\/v2\/comments?post=436"}],"version-history":[{"count":8,"href":"https:\/\/gorelan.com\/en\/wp-json\/wp\/v2\/pages\/436\/revisions"}],"predecessor-version":[{"id":463,"href":"https:\/\/gorelan.com\/en\/wp-json\/wp\/v2\/pages\/436\/revisions\/463"}],"wp:attachment":[{"href":"https:\/\/gorelan.com\/en\/wp-json\/wp\/v2\/media?parent=436"}],"curies":[{"name":"wp","href":"https:\/\/api.w.org\/{rel}","templated":true}]}}